{"id":274,"date":"2017-03-23T10:26:46","date_gmt":"2017-03-23T14:26:46","guid":{"rendered":"http:\/\/www.supercrash.net\/fr\/?page_id=274"},"modified":"2017-05-09T15:25:31","modified_gmt":"2017-05-09T19:25:31","slug":"accueil","status":"publish","type":"page","link":"https:\/\/www.supercrash.net\/fr\/","title":{"rendered":"Accueil"},"content":{"rendered":"<h2>Bienvenue sur le site de Supercrash!<\/h2>\n<div style=\"float: right;\"><img decoding=\"async\" src=\"http:\/\/www.supercrash.net\/fr\/wp-content\/uploads\/2017\/03\/sc-lecture.png\" width=\"400\" \/><\/div>\n<p><strong>Supercrash!<\/strong> est une s\u00e9rie BD\u00a0cr\u00e9\u00e9e par Yves Bourgelas. Elle raconte l&rsquo;histoire d&rsquo;Olivier, un adolescent nouvellement arriv\u00e9 \u00e0 Norandopolis qui, gr\u00e2ce \u00e0 une s\u00e9rie d\u2019\u00e9v\u00e9nements rocambolesques, devient le superh\u00e9ros nomm\u00e9 Supercrash.<\/p>\n<p>Forc\u00e9 de remplacer son pr\u00e9d\u00e9cesseur disparu, Supercrash doit apprendre \u00e0 ma\u00eetriser ses pouvoirs, \u00e0 g\u00e9rer des crises et \u00e0 sauver la population des dangers habituels tels que des monstres gluants, des malfaiteurs ambigus, des g\u00e9nies machiav\u00e9liques, et autres forces du mal.<\/p>\n<p>Plein de bonne volont\u00e9, Supercrash est cependant maladroit, impatient et manque cruellement d&rsquo;exp\u00e9rience, ce qui promet de causer tout un paquet de probl\u00e8mes dans la ville.<\/p>\n<p><strong>Supercrash!<\/strong> est une s\u00e9rie loufoque et aventuresque, mais surtout haute en couleurs, autant de par son sc\u00e9nario que par ses dessins\u00a0espi\u00e8gles. Deux tomes de la s\u00e9rie existent: <a href=\"\/fr\/comic\/tome1\">H\u00e9ros par hasard (2013)<\/a>\u00a0et <a href=\"\/fr\/comic\/tome2\">Doubles identit\u00e9s (2017)<\/a>.<\/p>\n<p>L&rsquo;auteur offre\u00a0\u00e9galement des ateliers dans les Salons du livre, Festivals BD ou autre \u00e9v\u00e8nements. Pour toute demande d&rsquo;ateliers, de pr\u00e9sence ou autre bookings, <a href=\"mailto:info@bourgy.net\">veuillez contacter l&rsquo;auteur<\/a>.<\/p>\n","protected":false},"excerpt":{"rendered":"<p>Bienvenue sur le site de Supercrash! Supercrash! est une s\u00e9rie BD\u00a0cr\u00e9\u00e9e par Yves Bourgelas. Elle raconte l&rsquo;histoire d&rsquo;Olivier, un adolescent nouvellement arriv\u00e9 \u00e0 Norandopolis qui, gr\u00e2ce \u00e0 une s\u00e9rie d\u2019\u00e9v\u00e9nements rocambolesques, devient le superh\u00e9ros nomm\u00e9 Supercrash. Forc\u00e9 de remplacer son[&hellip;]<a class=\"more-link\" href=\"https:\/\/www.supercrash.net\/fr\/\">&darr; Read the rest of this entry&#8230;<\/a><\/p>\n","protected":false},"author":1,"featured_media":0,"parent":0,"menu_order":0,"comment_status":"closed","ping_status":"closed","template":"","meta":{"footnotes":""},"class_list":["post-274","page","type-page","status-publish","hentry","uentry","postonpage-1","odd","post-author-admin_fr"],"_links":{"self":[{"href":"https:\/\/www.supercrash.net\/fr\/wp-json\/wp\/v2\/pages\/274","targetHints":{"allow":["GET"]}}],"collection":[{"href":"https:\/\/www.supercrash.net\/fr\/wp-json\/wp\/v2\/pages"}],"about":[{"href":"https:\/\/www.supercrash.net\/fr\/wp-json\/wp\/v2\/types\/page"}],"author":[{"embeddable":true,"href":"https:\/\/www.supercrash.net\/fr\/wp-json\/wp\/v2\/users\/1"}],"replies":[{"embeddable":true,"href":"https:\/\/www.supercrash.net\/fr\/wp-json\/wp\/v2\/comments?post=274"}],"version-history":[{"count":10,"href":"https:\/\/www.supercrash.net\/fr\/wp-json\/wp\/v2\/pages\/274\/revisions"}],"predecessor-version":[{"id":305,"href":"https:\/\/www.supercrash.net\/fr\/wp-json\/wp\/v2\/pages\/274\/revisions\/305"}],"wp:attachment":[{"href":"https:\/\/www.supercrash.net\/fr\/wp-json\/wp\/v2\/media?parent=274"}],"curies":[{"name":"wp","href":"https:\/\/api.w.org\/{rel}","templated":true}]}}